{"id":6667,"date":"2025-07-16T10:58:43","date_gmt":"2025-07-16T10:58:43","guid":{"rendered":"https:\/\/www.pipfoodgroup.com\/proizvodi\/zlato-rogljickje-20\/"},"modified":"2025-07-16T10:58:43","modified_gmt":"2025-07-16T10:58:43","slug":"zlato-rogljickje-20","status":"publish","type":"product","link":"https:\/\/www.pipfoodgroup.com\/sl\/proizvodi\/zlato-rogljickje-20\/","title":{"rendered":"Zlato roglji\u010dkje 20"},"content":{"rendered":"<p>Me\u0161anica Croissant Gold 20 je namenjena za proizvodnjo roglji\u010dev in vseh drugih kva\u0161enih listnatih test (\u0161apice, pol\u017eki ipd.), tako v gospodinjstvu kot v industrijski proizvodnji.<\/p>\n<p>&nbsp;<\/p>\n<h5>Prednosti:<\/h5>\n<ul>\n<li>omogo\u010da hitrej\u0161e odtajanje zamrznjenih izdelkov<\/li>\n<li>zagotavlja listnato strukturo in dobro topljivost v ustih<\/li>\n<li>daje izdelkom dober volumen<\/li>\n<li>omogo\u010da dalj\u0161e ohranjanje kakovosti zamrznjenih izdelkov brez ve\u010djih sprememb<\/li>\n<\/ul>\n","protected":false},"excerpt":{"rendered":"<p>Me\u0161anica Croissant Gold 20 je namenjena za proizvodnjo roglji\u010dev in vseh drugih kva\u0161enih listnatih test (\u0161apice, pol\u017eki ipd.), tako v gospodinjstvu kot v industrijski proizvodnji. &nbsp; Prednosti: omogo\u010da hitrej\u0161e odtajanje zamrznjenih izdelkov zagotavlja listnato strukturo in dobro topljivost v ustih daje izdelkom dober volumen omogo\u010da dalj\u0161e ohranjanje kakovosti zamrznjenih izdelkov brez ve\u010djih sprememb<\/p>\n","protected":false},"featured_media":6661,"template":"","meta":[],"product_brand":[],"product_cat":[118],"product_tag":[228,227,226],"class_list":{"0":"post-6667","1":"product","2":"type-product","3":"status-publish","4":"has-post-thumbnail","6":"product_cat-koncentrirane-in-ze-pripravljene-mesanice","7":"product_tag-mesanica-za-krutone","8":"product_tag-rogljicki-zlato","9":"product_tag-zlato-rogljickje-20","11":"first","12":"instock","13":"shipping-taxable","14":"product-type-simple"},"acf":[],"_links":{"self":[{"href":"https:\/\/www.pipfoodgroup.com\/sl\/wp-json\/wp\/v2\/product\/6667","targetHints":{"allow":["GET"]}}],"collection":[{"href":"https:\/\/www.pipfoodgroup.com\/sl\/wp-json\/wp\/v2\/product"}],"about":[{"href":"https:\/\/www.pipfoodgroup.com\/sl\/wp-json\/wp\/v2\/types\/product"}],"wp:featuredmedia":[{"embeddable":true,"href":"https:\/\/www.pipfoodgroup.com\/sl\/wp-json\/wp\/v2\/media\/6661"}],"wp:attachment":[{"href":"https:\/\/www.pipfoodgroup.com\/sl\/wp-json\/wp\/v2\/media?parent=6667"}],"wp:term":[{"taxonomy":"product_brand","embeddable":true,"href":"https:\/\/www.pipfoodgroup.com\/sl\/wp-json\/wp\/v2\/product_brand?post=6667"},{"taxonomy":"product_cat","embeddable":true,"href":"https:\/\/www.pipfoodgroup.com\/sl\/wp-json\/wp\/v2\/product_cat?post=6667"},{"taxonomy":"product_tag","embeddable":true,"href":"https:\/\/www.pipfoodgroup.com\/sl\/wp-json\/wp\/v2\/product_tag?post=6667"}],"curies":[{"name":"wp","href":"https:\/\/api.w.org\/{rel}","templated":true}]}}