{"id":7014,"date":"2025-11-28T10:27:42","date_gmt":"2025-11-28T10:27:42","guid":{"rendered":"https:\/\/www.pipfoodgroup.com\/proizvodi\/chatgpt-%d1%98%d0%b5-%d1%80%d0%b5%d0%ba%d0%b0%d0%benadev-iz-buce-s-cimetom\/"},"modified":"2025-11-28T10:27:42","modified_gmt":"2025-11-28T10:27:42","slug":"chatgpt-%d1%98%d0%b5-%d1%80%d0%b5%d0%ba%d0%b0%d0%benadev-iz-buce-s-cimetom","status":"publish","type":"product","link":"https:\/\/www.pipfoodgroup.com\/sl\/proizvodi\/chatgpt-%d1%98%d0%b5-%d1%80%d0%b5%d0%ba%d0%b0%d0%benadev-iz-buce-s-cimetom\/","title":{"rendered":"ChatGPT \u0458\u0435 \u0440\u0435\u043a\u0430\u043e:<br>Nadev iz bu\u010de s cimetom"},"content":{"rendered":"<p>Master Baker bu\u010dni nadev s cimetom je aromati\u010dno termostabilno polnilo, idealno za vse postne specialitete: pite, bu\u010de, pekovske pecivo, \u017eemljice, \u0161trudle, torte in zamrznjen program.<\/p>\n<p>&nbsp;<\/p>\n<h5>Prednosti:<\/h5>\n<ul>\n<li>Hitri\/veganski izdelek<\/li>\n<li>Vsebuje do 40 % sadnega nadeva<\/li>\n<li>Termostabilen<\/li>\n<li>Gosta, fina konsistenca, enostavna za razmazanje, ne vpija vlage iz testa<\/li>\n<\/ul>\n","protected":false},"excerpt":{"rendered":"<p>Master Baker bu\u010dni nadev s cimetom je aromati\u010dno termostabilno polnilo, idealno za vse postne specialitete: pite, bu\u010de, pekovske pecivo, \u017eemljice, \u0161trudle, torte in zamrznjen program. &nbsp; Prednosti: Hitri\/veganski izdelek Vsebuje do 40 % sadnega nadeva Termostabilen Gosta, fina konsistenca, enostavna za razmazanje, ne vpija vlage iz testa<\/p>\n","protected":false},"featured_media":7011,"template":"","meta":[],"product_brand":[],"product_cat":[103],"product_tag":[277],"class_list":{"0":"post-7014","1":"product","2":"type-product","3":"status-publish","4":"has-post-thumbnail","6":"product_cat-master-baker-sl","7":"product_tag-buca-s-cimetom","9":"first","10":"instock","11":"shipping-taxable","12":"product-type-simple"},"acf":[],"_links":{"self":[{"href":"https:\/\/www.pipfoodgroup.com\/sl\/wp-json\/wp\/v2\/product\/7014","targetHints":{"allow":["GET"]}}],"collection":[{"href":"https:\/\/www.pipfoodgroup.com\/sl\/wp-json\/wp\/v2\/product"}],"about":[{"href":"https:\/\/www.pipfoodgroup.com\/sl\/wp-json\/wp\/v2\/types\/product"}],"wp:featuredmedia":[{"embeddable":true,"href":"https:\/\/www.pipfoodgroup.com\/sl\/wp-json\/wp\/v2\/media\/7011"}],"wp:attachment":[{"href":"https:\/\/www.pipfoodgroup.com\/sl\/wp-json\/wp\/v2\/media?parent=7014"}],"wp:term":[{"taxonomy":"product_brand","embeddable":true,"href":"https:\/\/www.pipfoodgroup.com\/sl\/wp-json\/wp\/v2\/product_brand?post=7014"},{"taxonomy":"product_cat","embeddable":true,"href":"https:\/\/www.pipfoodgroup.com\/sl\/wp-json\/wp\/v2\/product_cat?post=7014"},{"taxonomy":"product_tag","embeddable":true,"href":"https:\/\/www.pipfoodgroup.com\/sl\/wp-json\/wp\/v2\/product_tag?post=7014"}],"curies":[{"name":"wp","href":"https:\/\/api.w.org\/{rel}","templated":true}]}}