{"id":7023,"date":"2025-11-28T10:46:37","date_gmt":"2025-11-28T10:46:37","guid":{"rendered":"https:\/\/www.pipfoodgroup.com\/proizvodi\/krompirjev-nadev-master-baker\/"},"modified":"2025-11-28T10:46:37","modified_gmt":"2025-11-28T10:46:37","slug":"krompirjev-nadev-master-baker","status":"publish","type":"product","link":"https:\/\/www.pipfoodgroup.com\/sl\/proizvodi\/krompirjev-nadev-master-baker\/","title":{"rendered":"Krompirjev nadev &#8211; Master Baker"},"content":{"rendered":"<p>Master Baker krompirjev nadev je kakovosten pikanten nadev, ki vsebuje krompirjeve kocke in je pripravljen za uporabo brez predhodne priprave.<br \/>\nZaradi enakomerne kakovosti in visokega dele\u017ea krompirja je idealen za krompirjeve zvitke, slane \u0161trudle, razli\u010dne vrste peciva, \u017eemljice in zamrznjene jedi.<\/p>\n<h5>Prednosti:<\/h5>\n<ul>\n<li>60 % narezan krompir<\/li>\n<li>Dodajanje pra\u017eene \u010debule in za\u010dimb<\/li>\n<li>Termostabilen<\/li>\n<li>Fast\/Vegan<\/li>\n<li>Pripravljeno za uporabo brez predhodne priprave<\/li>\n<\/ul>\n<p>&nbsp;<\/p>\n","protected":false},"excerpt":{"rendered":"<p>Master Baker krompirjev nadev je kakovosten pikanten nadev, ki vsebuje krompirjeve kocke in je pripravljen za uporabo brez predhodne priprave. Zaradi enakomerne kakovosti in visokega dele\u017ea krompirja je idealen za krompirjeve zvitke, slane \u0161trudle, razli\u010dne vrste peciva, \u017eemljice in zamrznjene jedi. Prednosti: 60 % narezan krompir Dodajanje pra\u017eene \u010debule in za\u010dimb Termostabilen Fast\/Vegan Pripravljeno za [&hellip;]<\/p>\n","protected":false},"featured_media":7018,"template":"","meta":[],"product_brand":[],"product_cat":[103],"product_tag":[282,283],"class_list":{"0":"post-7023","1":"product","2":"type-product","3":"status-publish","4":"has-post-thumbnail","6":"product_cat-master-baker-sl","7":"product_tag-krompirjev-nadev","8":"product_tag-krompirjev-nadev-sl","10":"first","11":"instock","12":"shipping-taxable","13":"product-type-simple"},"acf":[],"_links":{"self":[{"href":"https:\/\/www.pipfoodgroup.com\/sl\/wp-json\/wp\/v2\/product\/7023","targetHints":{"allow":["GET"]}}],"collection":[{"href":"https:\/\/www.pipfoodgroup.com\/sl\/wp-json\/wp\/v2\/product"}],"about":[{"href":"https:\/\/www.pipfoodgroup.com\/sl\/wp-json\/wp\/v2\/types\/product"}],"wp:featuredmedia":[{"embeddable":true,"href":"https:\/\/www.pipfoodgroup.com\/sl\/wp-json\/wp\/v2\/media\/7018"}],"wp:attachment":[{"href":"https:\/\/www.pipfoodgroup.com\/sl\/wp-json\/wp\/v2\/media?parent=7023"}],"wp:term":[{"taxonomy":"product_brand","embeddable":true,"href":"https:\/\/www.pipfoodgroup.com\/sl\/wp-json\/wp\/v2\/product_brand?post=7023"},{"taxonomy":"product_cat","embeddable":true,"href":"https:\/\/www.pipfoodgroup.com\/sl\/wp-json\/wp\/v2\/product_cat?post=7023"},{"taxonomy":"product_tag","embeddable":true,"href":"https:\/\/www.pipfoodgroup.com\/sl\/wp-json\/wp\/v2\/product_tag?post=7023"}],"curies":[{"name":"wp","href":"https:\/\/api.w.org\/{rel}","templated":true}]}}