{"id":7106,"date":"2026-03-05T11:34:46","date_gmt":"2026-03-05T11:34:46","guid":{"rendered":"https:\/\/www.pipfoodgroup.com\/proizvodi\/cimetov-nadev\/"},"modified":"2026-03-18T08:38:04","modified_gmt":"2026-03-18T08:38:04","slug":"cimetov-nadev","status":"publish","type":"product","link":"https:\/\/www.pipfoodgroup.com\/sl\/proizvodi\/cimetov-nadev\/","title":{"rendered":"Cimetov nadev"},"content":{"rendered":"<p>Cimetovo polnilo je pripravljena me\u0161anica za pripravo nadevov za cimetove rolice, \u0161trudle, torte ter druge pekovske in sla\u0161\u010di\u010darske izdelke.<\/p>\n<p>&nbsp;<\/p>\n<p>&nbsp;<\/p>\n<h5>Prednosti:<\/h5>\n<ul>\n<li>Enostavna in hitra priprava<\/li>\n<li>Termostabilen<\/li>\n<\/ul>\n","protected":false},"excerpt":{"rendered":"<p>Cimetovo polnilo je pripravljena me\u0161anica za pripravo nadevov za cimetove rolice, \u0161trudle, torte ter druge pekovske in sla\u0161\u010di\u010darske izdelke. &nbsp; &nbsp; Prednosti: Enostavna in hitra priprava Termostabilen<\/p>\n","protected":false},"featured_media":7052,"template":"","meta":[],"product_brand":[],"product_cat":[103],"product_tag":[303,304],"class_list":{"0":"post-7106","1":"product","2":"type-product","3":"status-publish","4":"has-post-thumbnail","6":"product_cat-master-baker-sl","7":"product_tag-cimetov-nadev","8":"product_tag-cimetove-rolice","10":"first","11":"instock","12":"shipping-taxable","13":"product-type-simple"},"acf":[],"_links":{"self":[{"href":"https:\/\/www.pipfoodgroup.com\/sl\/wp-json\/wp\/v2\/product\/7106","targetHints":{"allow":["GET"]}}],"collection":[{"href":"https:\/\/www.pipfoodgroup.com\/sl\/wp-json\/wp\/v2\/product"}],"about":[{"href":"https:\/\/www.pipfoodgroup.com\/sl\/wp-json\/wp\/v2\/types\/product"}],"wp:featuredmedia":[{"embeddable":true,"href":"https:\/\/www.pipfoodgroup.com\/sl\/wp-json\/wp\/v2\/media\/7052"}],"wp:attachment":[{"href":"https:\/\/www.pipfoodgroup.com\/sl\/wp-json\/wp\/v2\/media?parent=7106"}],"wp:term":[{"taxonomy":"product_brand","embeddable":true,"href":"https:\/\/www.pipfoodgroup.com\/sl\/wp-json\/wp\/v2\/product_brand?post=7106"},{"taxonomy":"product_cat","embeddable":true,"href":"https:\/\/www.pipfoodgroup.com\/sl\/wp-json\/wp\/v2\/product_cat?post=7106"},{"taxonomy":"product_tag","embeddable":true,"href":"https:\/\/www.pipfoodgroup.com\/sl\/wp-json\/wp\/v2\/product_tag?post=7106"}],"curies":[{"name":"wp","href":"https:\/\/api.w.org\/{rel}","templated":true}]}}