{"id":7493,"date":"2026-04-17T08:22:10","date_gmt":"2026-04-17T08:22:10","guid":{"rendered":"https:\/\/www.pipfoodgroup.com\/proizvodi\/tostoposto-plus\/"},"modified":"2026-04-17T08:22:10","modified_gmt":"2026-04-17T08:22:10","slug":"tostoposto-plus","status":"publish","type":"product","link":"https:\/\/www.pipfoodgroup.com\/sl\/proizvodi\/tostoposto-plus\/","title":{"rendered":"Tostoposto Plus"},"content":{"rendered":"<p>Sodoben izbolj\u0161evalec z enkapsulirano sorbinsko kislino in enkapsuliranim kalcijevim propionatom, zasnovan za podalj\u0161anje obstojnosti pra\u017eenih kruhov in drugih pakiranih pekovskih izdelkov. Zahvaljujo\u010d napredni tehnologiji se aktivne snovi med fermentacijo in pra\u017eenjem spro\u0161\u010dajo nadzorovano, ne da bi to negativno vplivalo na lastnosti testa. <\/p>\n","protected":false},"excerpt":{"rendered":"<p>Sodoben izbolj\u0161evalec z enkapsulirano sorbinsko kislino in enkapsuliranim kalcijevim propionatom, zasnovan za podalj\u0161anje obstojnosti pra\u017eenih kruhov in drugih pakiranih pekovskih izdelkov. Zahvaljujo\u010d napredni tehnologiji se aktivne snovi med fermentacijo in pra\u017eenjem spro\u0161\u010dajo nadzorovano, ne da bi to negativno vplivalo na lastnosti testa.<\/p>\n","protected":false},"featured_media":0,"template":"","meta":[],"product_brand":[],"product_cat":[108],"product_tag":[319,320],"class_list":{"0":"post-7493","1":"product","2":"type-product","3":"status-publish","5":"product_cat-za-posebne-namene-sl","6":"product_tag-improver","7":"product_tag-tostoposto-plus","9":"first","10":"instock","11":"shipping-taxable","12":"product-type-simple"},"acf":[],"_links":{"self":[{"href":"https:\/\/www.pipfoodgroup.com\/sl\/wp-json\/wp\/v2\/product\/7493","targetHints":{"allow":["GET"]}}],"collection":[{"href":"https:\/\/www.pipfoodgroup.com\/sl\/wp-json\/wp\/v2\/product"}],"about":[{"href":"https:\/\/www.pipfoodgroup.com\/sl\/wp-json\/wp\/v2\/types\/product"}],"wp:attachment":[{"href":"https:\/\/www.pipfoodgroup.com\/sl\/wp-json\/wp\/v2\/media?parent=7493"}],"wp:term":[{"taxonomy":"product_brand","embeddable":true,"href":"https:\/\/www.pipfoodgroup.com\/sl\/wp-json\/wp\/v2\/product_brand?post=7493"},{"taxonomy":"product_cat","embeddable":true,"href":"https:\/\/www.pipfoodgroup.com\/sl\/wp-json\/wp\/v2\/product_cat?post=7493"},{"taxonomy":"product_tag","embeddable":true,"href":"https:\/\/www.pipfoodgroup.com\/sl\/wp-json\/wp\/v2\/product_tag?post=7493"}],"curies":[{"name":"wp","href":"https:\/\/api.w.org\/{rel}","templated":true}]}}