{"id":7501,"date":"2026-04-24T07:35:02","date_gmt":"2026-04-24T07:35:02","guid":{"rendered":"https:\/\/www.pipfoodgroup.com\/proizvodi\/predzelatinizirana-psenicna-moka-master-baker\/"},"modified":"2026-04-24T07:35:02","modified_gmt":"2026-04-24T07:35:02","slug":"predzelatinizirana-psenicna-moka-master-baker","status":"publish","type":"product","link":"https:\/\/www.pipfoodgroup.com\/sl\/proizvodi\/predzelatinizirana-psenicna-moka-master-baker\/","title":{"rendered":"Pred\u017eelatinizirana p\u0161eni\u010dna moka Master Baker"},"content":{"rendered":"","protected":false},"excerpt":{"rendered":"","protected":false},"featured_media":0,"template":"","meta":[],"product_brand":[],"product_cat":[104],"product_tag":[323],"class_list":{"0":"post-7501","1":"product","2":"type-product","3":"status-publish","5":"product_cat-drugo-blago","6":"product_tag-predzelatinizirana-moka","8":"first","9":"instock","10":"shipping-taxable","11":"product-type-simple"},"acf":[],"_links":{"self":[{"href":"https:\/\/www.pipfoodgroup.com\/sl\/wp-json\/wp\/v2\/product\/7501","targetHints":{"allow":["GET"]}}],"collection":[{"href":"https:\/\/www.pipfoodgroup.com\/sl\/wp-json\/wp\/v2\/product"}],"about":[{"href":"https:\/\/www.pipfoodgroup.com\/sl\/wp-json\/wp\/v2\/types\/product"}],"wp:attachment":[{"href":"https:\/\/www.pipfoodgroup.com\/sl\/wp-json\/wp\/v2\/media?parent=7501"}],"wp:term":[{"taxonomy":"product_brand","embeddable":true,"href":"https:\/\/www.pipfoodgroup.com\/sl\/wp-json\/wp\/v2\/product_brand?post=7501"},{"taxonomy":"product_cat","embeddable":true,"href":"https:\/\/www.pipfoodgroup.com\/sl\/wp-json\/wp\/v2\/product_cat?post=7501"},{"taxonomy":"product_tag","embeddable":true,"href":"https:\/\/www.pipfoodgroup.com\/sl\/wp-json\/wp\/v2\/product_tag?post=7501"}],"curies":[{"name":"wp","href":"https:\/\/api.w.org\/{rel}","templated":true}]}}