{"id":7504,"date":"2026-04-24T08:38:49","date_gmt":"2026-04-24T08:38:49","guid":{"rendered":"https:\/\/www.pipfoodgroup.com\/?post_type=product&#038;p=7504"},"modified":"2026-04-24T08:56:19","modified_gmt":"2026-04-24T08:56:19","slug":"fillina-nadev-visnja-copy","status":"publish","type":"product","link":"https:\/\/www.pipfoodgroup.com\/sl\/proizvodi\/fillina-nadev-visnja-copy\/","title":{"rendered":"Fillina nadev vi\u0161nja 30"},"content":{"rendered":"<p>Fillina nadev vi\u0161nja 30 je kakovosten sadni nadev za pekarsko industrijo. Primeren je za industrijsko uporabo in razli\u010dne pekovske izdelke. Idealen je kot nadev za vse vrste pit, izdelke iz listnatega testa, sladko pecivo, kola\u010de, torte, pala\u010dinke, krofe, kot dodatek sadnemu jogurtu, sladoledu in drugim sladicam s stepeno smetano.<\/p>\n<p>&nbsp;<\/p>\n<p>&nbsp;<\/p>\n<p data-start=\"279\" data-end=\"295\"><strong data-start=\"279\" data-end=\"293\">Prednosti:<\/strong><\/p>\n<ul>\n<li>Min. 30 % sadja<\/li>\n<li>Termostabilen<\/li>\n<\/ul>\n","protected":false},"excerpt":{"rendered":"<p>Fillina nadev vi\u0161nja 30 je kakovosten sadni nadev za pekarsko industrijo. Primeren je za industrijsko uporabo in razli\u010dne pekovske izdelke. Idealen je kot nadev za vse vrste pit, izdelke iz listnatega testa, sladko pecivo, kola\u010de, torte, pala\u010dinke, krofe, kot dodatek sadnemu jogurtu, sladoledu in drugim sladicam s stepeno smetano. &nbsp; &nbsp; Prednosti: Min. 30 % [&hellip;]<\/p>\n","protected":false},"featured_media":7507,"template":"","meta":[],"product_brand":[],"product_cat":[125],"product_tag":[],"class_list":{"0":"post-7504","1":"product","2":"type-product","3":"status-publish","4":"has-post-thumbnail","6":"product_cat-fillina-sl","8":"first","9":"instock","10":"shipping-taxable","11":"product-type-simple"},"acf":[],"_links":{"self":[{"href":"https:\/\/www.pipfoodgroup.com\/sl\/wp-json\/wp\/v2\/product\/7504","targetHints":{"allow":["GET"]}}],"collection":[{"href":"https:\/\/www.pipfoodgroup.com\/sl\/wp-json\/wp\/v2\/product"}],"about":[{"href":"https:\/\/www.pipfoodgroup.com\/sl\/wp-json\/wp\/v2\/types\/product"}],"wp:featuredmedia":[{"embeddable":true,"href":"https:\/\/www.pipfoodgroup.com\/sl\/wp-json\/wp\/v2\/media\/7507"}],"wp:attachment":[{"href":"https:\/\/www.pipfoodgroup.com\/sl\/wp-json\/wp\/v2\/media?parent=7504"}],"wp:term":[{"taxonomy":"product_brand","embeddable":true,"href":"https:\/\/www.pipfoodgroup.com\/sl\/wp-json\/wp\/v2\/product_brand?post=7504"},{"taxonomy":"product_cat","embeddable":true,"href":"https:\/\/www.pipfoodgroup.com\/sl\/wp-json\/wp\/v2\/product_cat?post=7504"},{"taxonomy":"product_tag","embeddable":true,"href":"https:\/\/www.pipfoodgroup.com\/sl\/wp-json\/wp\/v2\/product_tag?post=7504"}],"curies":[{"name":"wp","href":"https:\/\/api.w.org\/{rel}","templated":true}]}}